{"id":67,"date":"2024-03-13T17:49:26","date_gmt":"2024-03-13T20:49:26","guid":{"rendered":"https:\/\/labmat.gp.utfpr.edu.br\/?page_id=67"},"modified":"2024-03-13T19:48:10","modified_gmt":"2024-03-13T22:48:10","slug":"pesquisadores","status":"publish","type":"page","link":"https:\/\/labmat.gp.utfpr.edu.br\/?page_id=67","title":{"rendered":"Pesquisadores"},"content":{"rendered":"\n<div class=\"wp-block-media-text is-stacked-on-mobile\"><figure class=\"wp-block-media-text__media\"><img loading=\"lazy\" decoding=\"async\" width=\"257\" height=\"459\" src=\"https:\/\/labmat.gp.utfpr.edu.br\/wp-content\/uploads\/2024\/03\/foto-dyorgge.jpg\" alt=\"\" class=\"wp-image-70 size-full\"\/><\/figure><div class=\"wp-block-media-text__content\">\n<p><strong><strong>Dyorgge Alves Silva<\/strong><\/strong><\/p>\n\n\n\n<details class=\"wp-block-details is-layout-flow wp-block-details-is-layout-flow\"><summary>\u00c1reas de atua\u00e7\u00e3o<\/summary>\n<p><\/p>\n\n\n\n<ul class=\"wp-block-list\">\n<li>Patologia das Constru\u00e7\u00f5es<\/li>\n\n\n\n<li>A\u00e7\u00e3o dos ventos na aerodin\u00e2mica e ventila\u00e7\u00e3o das edifica\u00e7\u00f5es<\/li>\n\n\n\n<li>An\u00e1lise experimental e computacional das estruturas<\/li>\n\n\n\n<li>Controle tecnol\u00f3gico de concreto e argamassas  <\/li>\n<\/ul>\n<\/details>\n\n\n\n<details class=\"wp-block-details is-layout-flow wp-block-details-is-layout-flow\"><summary>Lattes<\/summary>\n<p><a href=\"http:\/\/lattes.cnpq.br\/8573369439574030\" target=\"_blank\" rel=\"noreferrer noopener\">http:\/\/lattes.cnpq.br\/8573369439574030 <\/a><\/p>\n<\/details>\n\n\n\n<details class=\"wp-block-details is-layout-flow wp-block-details-is-layout-flow\"><summary>ORCID<\/summary>\n<p><a href=\"https:\/\/orcid.org\/0000-0002-5724-0393\" target=\"_blank\" rel=\"noreferrer noopener\">https:\/\/orcid.org\/0000-0002-5724-0393<\/a><\/p>\n<\/details>\n<\/div><\/div>\n\n\n\n<ul class=\"wp-block-list\">\n<li><\/li>\n<\/ul>\n\n\n\n<hr class=\"wp-block-separator has-alpha-channel-opacity\"\/>\n\n\n\n<div class=\"wp-block-media-text is-stacked-on-mobile\"><figure class=\"wp-block-media-text__media\"><img loading=\"lazy\" decoding=\"async\" width=\"223\" height=\"328\" src=\"https:\/\/labmat.gp.utfpr.edu.br\/wp-content\/uploads\/2024\/03\/foto-gustavo.png\" alt=\"\" class=\"wp-image-110 size-full\"\/><\/figure><div class=\"wp-block-media-text__content\">\n<p><strong><strong>Gustavo De Miranda Saleme Gidr\u00e3o<\/strong><\/strong><\/p>\n\n\n\n<details class=\"wp-block-details is-layout-flow wp-block-details-is-layout-flow\"><summary>\u00c1reas de atua\u00e7\u00e3o<\/summary>\n<p><\/p>\n\n\n\n<ul class=\"wp-block-list\">\n<li>Concreto de alt\u00edssimo desempenho refor\u00e7ado com fibras (UHPFRC)<\/li>\n\n\n\n<li>Dimensionamento de elementos de concreto armado e protendido<\/li>\n\n\n\n<li>Modelagem computacional de estruturas de concreto<\/li>\n\n\n\n<li>Ensaios n\u00e3o destrutivos de materiais<\/li>\n<\/ul>\n<\/details>\n\n\n\n<details class=\"wp-block-details is-layout-flow wp-block-details-is-layout-flow\"><summary>Lattes<\/summary>\n<p><a href=\"http:\/\/lattes.cnpq.br\/2757917701386829\" target=\"_blank\" rel=\"noreferrer noopener\">http:\/\/lattes.cnpq.br\/5358252672517976<\/a><a href=\"http:\/\/lattes.cnpq.br\/2757917701386829\"> <\/a><\/p>\n<\/details>\n\n\n\n<details class=\"wp-block-details is-layout-flow wp-block-details-is-layout-flow\"><summary>ORCID<\/summary>\n<p><a href=\"https:\/\/orcid.org\/0000-0003-1483-0526\" target=\"_blank\" rel=\"noreferrer noopener\">https:\/\/orcid.org\/0000-0003-1483-0526<\/a><\/p>\n<\/details>\n<\/div><\/div>\n\n\n\n<hr class=\"wp-block-separator has-alpha-channel-opacity\"\/>\n\n\n\n<div class=\"wp-block-media-text is-stacked-on-mobile\"><figure class=\"wp-block-media-text__media\"><img loading=\"lazy\" decoding=\"async\" width=\"351\" height=\"514\" src=\"https:\/\/labmat.gp.utfpr.edu.br\/wp-content\/uploads\/2024\/03\/4.-Foto-Laura-Silvestro-1.jpeg\" alt=\"\" class=\"wp-image-92 size-full\"\/><\/figure><div class=\"wp-block-media-text__content\">\n<p><strong>Laura Silvestro<\/strong><\/p>\n\n\n\n<details class=\"wp-block-details is-layout-flow wp-block-details-is-layout-flow\"><summary>\u00c1reas de atua\u00e7\u00e3o<\/summary>\n<p><\/p>\n\n\n\n<ul class=\"wp-block-list\">\n<li>Cimentos de menor impacto ambiental<\/li>\n\n\n\n<li>Valoriza\u00e7\u00e3o de res\u00edduos em matrizes ciment\u00edcias<\/li>\n\n\n\n<li>Comportamento reol\u00f3gico de materiais ciment\u00edcios<\/li>\n\n\n\n<li>Durabilidade e previs\u00e3o de vida \u00fatil de materiais ciment\u00edcios<\/li>\n\n\n\n<li>Incorpora\u00e7\u00e3o de nanomateriais em matrizes ciment\u00edcias  <\/li>\n<\/ul>\n<\/details>\n\n\n\n<details class=\"wp-block-details is-layout-flow wp-block-details-is-layout-flow\"><summary>Lattes<\/summary>\n<p><a href=\"http:\/\/lattes.cnpq.br\/2757917701386829\" target=\"_blank\" rel=\"noreferrer noopener\">http:\/\/lattes.cnpq.br\/2757917701386829 <\/a><\/p>\n<\/details>\n\n\n\n<details class=\"wp-block-details is-layout-flow wp-block-details-is-layout-flow\"><summary>ORCID<\/summary>\n<p><a href=\"https:\/\/orcid.org\/0000-0002-6437-3047\" target=\"_blank\" rel=\"noreferrer noopener\">https:\/\/orcid.org\/0000-0002-6437-3047 <\/a><\/p>\n<\/details>\n<\/div><\/div>\n\n\n\n<div class=\"wp-block-columns is-layout-flex wp-container-core-columns-is-layout-9d6595d7 wp-block-columns-is-layout-flex\">\n<div class=\"wp-block-column is-layout-flow wp-block-column-is-layout-flow\" style=\"flex-basis:100%\"><\/div>\n<\/div>\n","protected":false},"excerpt":{"rendered":"","protected":false},"author":2,"featured_media":0,"parent":0,"menu_order":0,"comment_status":"closed","ping_status":"closed","template":"","meta":{"footnotes":""},"class_list":["post-67","page","type-page","status-publish","hentry"],"_links":{"self":[{"href":"https:\/\/labmat.gp.utfpr.edu.br\/index.php?rest_route=\/wp\/v2\/pages\/67","targetHints":{"allow":["GET"]}}],"collection":[{"href":"https:\/\/labmat.gp.utfpr.edu.br\/index.php?rest_route=\/wp\/v2\/pages"}],"about":[{"href":"https:\/\/labmat.gp.utfpr.edu.br\/index.php?rest_route=\/wp\/v2\/types\/page"}],"author":[{"embeddable":true,"href":"https:\/\/labmat.gp.utfpr.edu.br\/index.php?rest_route=\/wp\/v2\/users\/2"}],"replies":[{"embeddable":true,"href":"https:\/\/labmat.gp.utfpr.edu.br\/index.php?rest_route=%2Fwp%2Fv2%2Fcomments&post=67"}],"version-history":[{"count":29,"href":"https:\/\/labmat.gp.utfpr.edu.br\/index.php?rest_route=\/wp\/v2\/pages\/67\/revisions"}],"predecessor-version":[{"id":187,"href":"https:\/\/labmat.gp.utfpr.edu.br\/index.php?rest_route=\/wp\/v2\/pages\/67\/revisions\/187"}],"wp:attachment":[{"href":"https:\/\/labmat.gp.utfpr.edu.br\/index.php?rest_route=%2Fwp%2Fv2%2Fmedia&parent=67"}],"curies":[{"name":"wp","href":"https:\/\/api.w.org\/{rel}","templated":true}]}}