{"id":2,"date":"2024-02-23T08:18:47","date_gmt":"2024-02-23T11:18:47","guid":{"rendered":"https:\/\/labmat.gp.utfpr.edu.br\/?page_id=2"},"modified":"2024-03-13T19:48:24","modified_gmt":"2024-03-13T22:48:24","slug":"pagina-exemplo","status":"publish","type":"page","link":"https:\/\/labmat.gp.utfpr.edu.br\/?page_id=2","title":{"rendered":"UTFPR &#8211; Campus Guarapuava"},"content":{"rendered":"\n<p class=\"has-text-align-left\">O Campus Guarapuava da UTFPR oferece quatro cursos de gradua\u00e7\u00e3o que foram aprovados pelo Minist\u00e9rio da Educa\u00e7\u00e3o (MEC): Engenharia Civil, Engenharia Mec\u00e2nica, Engenharia Mecatr\u00f4nica e Tecnologia em Sistemas para Internet. Al\u00e9m de uma s\u00f3lida forma\u00e7\u00e3o acad\u00eamica, a institui\u00e7\u00e3o prioriza o desenvolvimento hol\u00edstico dos estudantes, entendendo que a excel\u00eancia profissional vai al\u00e9m das habilidades t\u00e9cnicas, abrangendo tamb\u00e9m uma vis\u00e3o human\u00edstica. Para tanto, s\u00e3o promovidas diversas atividades que visam o enriquecimento cultural, o est\u00edmulo ao esp\u00edrito empreendedor e a conscientiza\u00e7\u00e3o ambiental, englobando desde as artes c\u00eanicas at\u00e9 a atualiza\u00e7\u00e3o curricular.<\/p>\n\n\n\n<p class=\"has-text-align-left\">As atividades no Campus tiveram in\u00edcio em 2011, com a admiss\u00e3o dos primeiros alunos nos cursos de Engenharia Mec\u00e2nica e Sistemas para Internet atrav\u00e9s do SISU. Em 2014, as opera\u00e7\u00f5es foram transferidas para a sede pr\u00f3pria localizada no bairro Cidade dos Lagos. Esta sede conta com nove blocos, laborat\u00f3rios, restaurante universit\u00e1rio, biblioteca, \u00e1rea esportiva e espa\u00e7os para conviv\u00eancia, proporcionando assim um ambiente prop\u00edcio para o crescimento acad\u00eamico e pessoal dos estudantes.<\/p>\n\n\n\n<p><\/p>\n","protected":false},"excerpt":{"rendered":"<p>O Campus Guarapuava da UTFPR oferece quatro cursos de gradua\u00e7\u00e3o que foram aprovados pelo Minist\u00e9rio da Educa\u00e7\u00e3o (MEC): Engenharia Civil, Engenharia Mec\u00e2nica, Engenharia Mecatr\u00f4nica e Tecnologia em Sistemas para Internet. Al\u00e9m de uma s\u00f3lida forma\u00e7\u00e3o acad\u00eamica, a institui\u00e7\u00e3o prioriza o desenvolvimento hol\u00edstico dos estudantes, entendendo que a excel\u00eancia profissional vai al\u00e9m das habilidades t\u00e9cnicas, abrangendo [&hellip;]<\/p>\n","protected":false},"author":1,"featured_media":64,"parent":0,"menu_order":0,"comment_status":"closed","ping_status":"open","template":"","meta":{"footnotes":""},"class_list":["post-2","page","type-page","status-publish","has-post-thumbnail","hentry"],"_links":{"self":[{"href":"https:\/\/labmat.gp.utfpr.edu.br\/index.php?rest_route=\/wp\/v2\/pages\/2","targetHints":{"allow":["GET"]}}],"collection":[{"href":"https:\/\/labmat.gp.utfpr.edu.br\/index.php?rest_route=\/wp\/v2\/pages"}],"about":[{"href":"https:\/\/labmat.gp.utfpr.edu.br\/index.php?rest_route=\/wp\/v2\/types\/page"}],"author":[{"embeddable":true,"href":"https:\/\/labmat.gp.utfpr.edu.br\/index.php?rest_route=\/wp\/v2\/users\/1"}],"replies":[{"embeddable":true,"href":"https:\/\/labmat.gp.utfpr.edu.br\/index.php?rest_route=%2Fwp%2Fv2%2Fcomments&post=2"}],"version-history":[{"count":5,"href":"https:\/\/labmat.gp.utfpr.edu.br\/index.php?rest_route=\/wp\/v2\/pages\/2\/revisions"}],"predecessor-version":[{"id":188,"href":"https:\/\/labmat.gp.utfpr.edu.br\/index.php?rest_route=\/wp\/v2\/pages\/2\/revisions\/188"}],"wp:featuredmedia":[{"embeddable":true,"href":"https:\/\/labmat.gp.utfpr.edu.br\/index.php?rest_route=\/wp\/v2\/media\/64"}],"wp:attachment":[{"href":"https:\/\/labmat.gp.utfpr.edu.br\/index.php?rest_route=%2Fwp%2Fv2%2Fmedia&parent=2"}],"curies":[{"name":"wp","href":"https:\/\/api.w.org\/{rel}","templated":true}]}}